{"id":2461,"date":"2026-02-08T20:44:57","date_gmt":"2026-02-08T20:44:57","guid":{"rendered":"https:\/\/www.printcraft.ee\/?post_type=product&#038;p=2461"},"modified":"2026-02-08T20:48:21","modified_gmt":"2026-02-08T20:48:21","slug":"inslogic-pla-cf15-filament","status":"publish","type":"product","link":"https:\/\/www.printcraft.ee\/en\/product\/inslogic-pla-cf15-filament\/","title":{"rendered":"Inslogic PLA-CF15 Filament"},"content":{"rendered":"<p>Peamised omadused<\/p>\n<p>15% s\u00fcsinikkiuga tugevdatud<br \/>\nMadal tihedus, suur tugevus ja vastupidav<br \/>\nIdeaalne valik sileda viimistluse saavutamiseks<br \/>\nV\u00e4heneb ummistumine ja deformeerumine<\/p>\n<p>Pikkus: 330 m<br \/>\nNetokaal: 1 kg<br \/>\nKorduvkasutatava pooli ja papist m\u00e4hise kaal: 232\u00b13 g<br \/>\nKogukaal: 1,323 \u00b1 0,03 kg<br \/>\nL\u00e4bim\u00f5\u00f5t: 1,75 mm \u00b1 0,02 mm<br \/>\nT\u00f5mbetugevus: 45 MPa<br \/>\nPikenemine katkemiseni: 4,1%<br \/>\nPaindetugevus: 68 MPa<br \/>\nPaindemoodul: 2492 MPa<br \/>\nSoojuspainde temperatuur 0,45 MPa juures: 54 \u00b0C<br \/>\n* K\u00f5ik spetsifikatsioonid on laboris testitud. Pange t\u00e4hele, et materjali omadused v\u00f5ivad erineda olenevalt detaili geomeetriast, printimissuunast, printimisseadetest ja temperatuurist.<\/p>","protected":false},"excerpt":{"rendered":"<p>Inslogic PLA-CF15 on kvaliteetne funktsionaalne materjal, mis on universaalselt disainitud ja \u00fchildub FDM 3D-printeritega, mis kasutab 1,75 mm l\u00e4bim\u00f5\u00f5duga filamenti, t\u00e4psusega \u00b10,02 mm.<\/p>\n<p>Inslogic PLA-CF15 pakub suurep\u00e4raseid mehaanilisi omadusi, s\u00e4ilitades samal ajal tavalise PLA prinditavuse v\u00e4hese ummistumise ja v\u00e4iksema deformatsiooniga.<\/p>\n<p>15% tagabkiuga tugevdatud materjali suure tugevuse ja j\u00e4ikuse, on see ideaalne valik funktsionaalse ja koormuse kandvate rakenduste, mis n\u00f5uavad suurep\u00e4rast valudekindlust.<\/p>\n<p>Tihedusega 1,2 g\/m\u00b3 \u00fchendab see v\u00e4ikese kaalu suure tugevuse ja struktuurilise vaidega.<\/p>\n<p>See on matt s\u00fcsinikkiust tekstuur ilma n\u00e4htava kihistuseta, pakkudes esmaklassilist viimistlust ja kasutusvalmis elegantsi, mis ei vaja poleerimist.<\/p>","protected":false},"featured_media":2462,"comment_status":"open","ping_status":"closed","template":"","meta":[],"product_brand":[],"product_cat":[16],"product_tag":[],"class_list":{"0":"post-2461","1":"product","2":"type-product","3":"status-publish","4":"has-post-thumbnail","6":"product_cat-uncategorized","9":"instock","10":"shipping-taxable","11":"purchasable","12":"product-type-simple","13":"product-grid-view"},"yoast_head":"<!-- This site is optimized with the Yoast SEO plugin v26.9 - https:\/\/yoast.com\/product\/yoast-seo-wordpress\/ -->\n<title>Inslogic PLA-CF15 Filament - 3D Printimine<\/title>\n<meta name=\"robots\" content=\"index, follow, max-snippet:-1, max-image-preview:large, max-video-preview:-1\" \/>\n<link rel=\"canonical\" href=\"https:\/\/www.printcraft.ee\/en\/product\/inslogic-pla-cf15-filament\/\" \/>\n<meta property=\"og:locale\" content=\"en_US\" \/>\n<meta property=\"og:type\" content=\"article\" \/>\n<meta property=\"og:title\" content=\"Inslogic PLA-CF15 Filament - 3D Printimine\" \/>\n<meta property=\"og:description\" content=\"Inslogic PLA-CF15 on kvaliteetne funktsionaalne materjal, mis on universaalselt disainitud ja \u00fchildub FDM 3D-printeritega, mis kasutab 1,75 mm l\u00e4bim\u00f5\u00f5duga filamenti, t\u00e4psusega \u00b10,02 mm.  Inslogic PLA-CF15 pakub suurep\u00e4raseid mehaanilisi omadusi, s\u00e4ilitades samal ajal tavalise PLA prinditavuse v\u00e4hese ummistumise ja v\u00e4iksema deformatsiooniga.  15% tagabkiuga tugevdatud materjali suure tugevuse ja j\u00e4ikuse, on see ideaalne valik funktsionaalse ja koormuse kandvate rakenduste, mis n\u00f5uavad suurep\u00e4rast valudekindlust.  Tihedusega 1,2 g\/m\u00b3 \u00fchendab see v\u00e4ikese kaalu suure tugevuse ja struktuurilise vaidega.  See on matt s\u00fcsinikkiust tekstuur ilma n\u00e4htava kihistuseta, pakkudes esmaklassilist viimistlust ja kasutusvalmis elegantsi, mis ei vaja poleerimist.\" \/>\n<meta property=\"og:url\" content=\"https:\/\/www.printcraft.ee\/en\/product\/inslogic-pla-cf15-filament\/\" \/>\n<meta property=\"og:site_name\" content=\"3D Printimine\" \/>\n<meta property=\"article:modified_time\" content=\"2026-02-08T20:48:21+00:00\" \/>\n<meta property=\"og:image\" content=\"https:\/\/www.printcraft.ee\/wp-content\/uploads\/2026\/02\/InslogicPLA-CF153DPrinterFilament.jpg.webp\" \/>\n\t<meta property=\"og:image:width\" content=\"1000\" \/>\n\t<meta property=\"og:image:height\" content=\"1000\" \/>\n\t<meta property=\"og:image:type\" content=\"image\/webp\" \/>\n<meta name=\"twitter:card\" content=\"summary_large_image\" \/>\n<meta name=\"twitter:label1\" content=\"Est. reading time\" \/>\n\t<meta name=\"twitter:data1\" content=\"1 minute\" \/>\n<script type=\"application\/ld+json\" class=\"yoast-schema-graph\">{\"@context\":\"https:\/\/schema.org\",\"@graph\":[{\"@type\":\"WebPage\",\"@id\":\"https:\/\/www.printcraft.ee\/product\/inslogic-pla-cf15-filament\/\",\"url\":\"https:\/\/www.printcraft.ee\/product\/inslogic-pla-cf15-filament\/\",\"name\":\"Inslogic PLA-CF15 Filament - 3D Printimine\",\"isPartOf\":{\"@id\":\"https:\/\/www.printcraft.ee\/en\/#website\"},\"primaryImageOfPage\":{\"@id\":\"https:\/\/www.printcraft.ee\/product\/inslogic-pla-cf15-filament\/#primaryimage\"},\"image\":{\"@id\":\"https:\/\/www.printcraft.ee\/product\/inslogic-pla-cf15-filament\/#primaryimage\"},\"thumbnailUrl\":\"https:\/\/www.printcraft.ee\/wp-content\/uploads\/2026\/02\/InslogicPLA-CF153DPrinterFilament.jpg.webp\",\"datePublished\":\"2026-02-08T20:44:57+00:00\",\"dateModified\":\"2026-02-08T20:48:21+00:00\",\"breadcrumb\":{\"@id\":\"https:\/\/www.printcraft.ee\/product\/inslogic-pla-cf15-filament\/#breadcrumb\"},\"inLanguage\":\"en-US\",\"potentialAction\":[{\"@type\":\"ReadAction\",\"target\":[\"https:\/\/www.printcraft.ee\/product\/inslogic-pla-cf15-filament\/\"]}]},{\"@type\":\"ImageObject\",\"inLanguage\":\"en-US\",\"@id\":\"https:\/\/www.printcraft.ee\/product\/inslogic-pla-cf15-filament\/#primaryimage\",\"url\":\"https:\/\/www.printcraft.ee\/wp-content\/uploads\/2026\/02\/InslogicPLA-CF153DPrinterFilament.jpg.webp\",\"contentUrl\":\"https:\/\/www.printcraft.ee\/wp-content\/uploads\/2026\/02\/InslogicPLA-CF153DPrinterFilament.jpg.webp\",\"width\":1000,\"height\":1000},{\"@type\":\"BreadcrumbList\",\"@id\":\"https:\/\/www.printcraft.ee\/product\/inslogic-pla-cf15-filament\/#breadcrumb\",\"itemListElement\":[{\"@type\":\"ListItem\",\"position\":1,\"name\":\"Home\",\"item\":\"https:\/\/www.printcraft.ee\/en\/\"},{\"@type\":\"ListItem\",\"position\":2,\"name\":\"Pood\",\"item\":\"https:\/\/www.printcraft.ee\/pood\/\"},{\"@type\":\"ListItem\",\"position\":3,\"name\":\"Inslogic PLA-CF15 Filament\"}]},{\"@type\":\"WebSite\",\"@id\":\"https:\/\/www.printcraft.ee\/en\/#website\",\"url\":\"https:\/\/www.printcraft.ee\/en\/\",\"name\":\"3D Printimine\",\"description\":\"K\u00fcsi hinnapakkuimist\",\"publisher\":{\"@id\":\"https:\/\/www.printcraft.ee\/en\/#organization\"},\"potentialAction\":[{\"@type\":\"SearchAction\",\"target\":{\"@type\":\"EntryPoint\",\"urlTemplate\":\"https:\/\/www.printcraft.ee\/en\/?s={search_term_string}\"},\"query-input\":{\"@type\":\"PropertyValueSpecification\",\"valueRequired\":true,\"valueName\":\"search_term_string\"}}],\"inLanguage\":\"en-US\"},{\"@type\":\"Organization\",\"@id\":\"https:\/\/www.printcraft.ee\/en\/#organization\",\"name\":\"3D Printimine\",\"url\":\"https:\/\/www.printcraft.ee\/en\/\",\"logo\":{\"@type\":\"ImageObject\",\"inLanguage\":\"en-US\",\"@id\":\"https:\/\/www.printcraft.ee\/en\/#\/schema\/logo\/image\/\",\"url\":\"https:\/\/www.printcraft.ee\/wp-content\/uploads\/2023\/12\/cropped-3DPrintimine-160-x-40-px-500-x-125-px-1000-x-500-px-1500-x-500-px.png\",\"contentUrl\":\"https:\/\/www.printcraft.ee\/wp-content\/uploads\/2023\/12\/cropped-3DPrintimine-160-x-40-px-500-x-125-px-1000-x-500-px-1500-x-500-px.png\",\"width\":1500,\"height\":500,\"caption\":\"3D Printimine\"},\"image\":{\"@id\":\"https:\/\/www.printcraft.ee\/en\/#\/schema\/logo\/image\/\"}}]}<\/script>\n<!-- \/ Yoast SEO plugin. -->","yoast_head_json":{"title":"Inslogic PLA-CF15 Filament - 3D Printimine","robots":{"index":"index","follow":"follow","max-snippet":"max-snippet:-1","max-image-preview":"max-image-preview:large","max-video-preview":"max-video-preview:-1"},"canonical":"https:\/\/www.printcraft.ee\/en\/product\/inslogic-pla-cf15-filament\/","og_locale":"en_US","og_type":"article","og_title":"Inslogic PLA-CF15 Filament - 3D Printimine","og_description":"Inslogic PLA-CF15 on kvaliteetne funktsionaalne materjal, mis on universaalselt disainitud ja \u00fchildub FDM 3D-printeritega, mis kasutab 1,75 mm l\u00e4bim\u00f5\u00f5duga filamenti, t\u00e4psusega \u00b10,02 mm.  Inslogic PLA-CF15 pakub suurep\u00e4raseid mehaanilisi omadusi, s\u00e4ilitades samal ajal tavalise PLA prinditavuse v\u00e4hese ummistumise ja v\u00e4iksema deformatsiooniga.  15% tagabkiuga tugevdatud materjali suure tugevuse ja j\u00e4ikuse, on see ideaalne valik funktsionaalse ja koormuse kandvate rakenduste, mis n\u00f5uavad suurep\u00e4rast valudekindlust.  Tihedusega 1,2 g\/m\u00b3 \u00fchendab see v\u00e4ikese kaalu suure tugevuse ja struktuurilise vaidega.  See on matt s\u00fcsinikkiust tekstuur ilma n\u00e4htava kihistuseta, pakkudes esmaklassilist viimistlust ja kasutusvalmis elegantsi, mis ei vaja poleerimist.","og_url":"https:\/\/www.printcraft.ee\/en\/product\/inslogic-pla-cf15-filament\/","og_site_name":"3D Printimine","article_modified_time":"2026-02-08T20:48:21+00:00","og_image":[{"width":1000,"height":1000,"url":"https:\/\/www.printcraft.ee\/wp-content\/uploads\/2026\/02\/InslogicPLA-CF153DPrinterFilament.jpg.webp","type":"image\/webp"}],"twitter_card":"summary_large_image","twitter_misc":{"Est. reading time":"1 minute"},"schema":{"@context":"https:\/\/schema.org","@graph":[{"@type":"WebPage","@id":"https:\/\/www.printcraft.ee\/product\/inslogic-pla-cf15-filament\/","url":"https:\/\/www.printcraft.ee\/product\/inslogic-pla-cf15-filament\/","name":"Inslogic PLA-CF15 Filament - 3D Printimine","isPartOf":{"@id":"https:\/\/www.printcraft.ee\/en\/#website"},"primaryImageOfPage":{"@id":"https:\/\/www.printcraft.ee\/product\/inslogic-pla-cf15-filament\/#primaryimage"},"image":{"@id":"https:\/\/www.printcraft.ee\/product\/inslogic-pla-cf15-filament\/#primaryimage"},"thumbnailUrl":"https:\/\/www.printcraft.ee\/wp-content\/uploads\/2026\/02\/InslogicPLA-CF153DPrinterFilament.jpg.webp","datePublished":"2026-02-08T20:44:57+00:00","dateModified":"2026-02-08T20:48:21+00:00","breadcrumb":{"@id":"https:\/\/www.printcraft.ee\/product\/inslogic-pla-cf15-filament\/#breadcrumb"},"inLanguage":"en-US","potentialAction":[{"@type":"ReadAction","target":["https:\/\/www.printcraft.ee\/product\/inslogic-pla-cf15-filament\/"]}]},{"@type":"ImageObject","inLanguage":"en-US","@id":"https:\/\/www.printcraft.ee\/product\/inslogic-pla-cf15-filament\/#primaryimage","url":"https:\/\/www.printcraft.ee\/wp-content\/uploads\/2026\/02\/InslogicPLA-CF153DPrinterFilament.jpg.webp","contentUrl":"https:\/\/www.printcraft.ee\/wp-content\/uploads\/2026\/02\/InslogicPLA-CF153DPrinterFilament.jpg.webp","width":1000,"height":1000},{"@type":"BreadcrumbList","@id":"https:\/\/www.printcraft.ee\/product\/inslogic-pla-cf15-filament\/#breadcrumb","itemListElement":[{"@type":"ListItem","position":1,"name":"Home","item":"https:\/\/www.printcraft.ee\/en\/"},{"@type":"ListItem","position":2,"name":"Pood","item":"https:\/\/www.printcraft.ee\/pood\/"},{"@type":"ListItem","position":3,"name":"Inslogic PLA-CF15 Filament"}]},{"@type":"WebSite","@id":"https:\/\/www.printcraft.ee\/en\/#website","url":"https:\/\/www.printcraft.ee\/en\/","name":"3D Printing","description":"K\u00fcsi hinnapakkuimist","publisher":{"@id":"https:\/\/www.printcraft.ee\/en\/#organization"},"potentialAction":[{"@type":"SearchAction","target":{"@type":"EntryPoint","urlTemplate":"https:\/\/www.printcraft.ee\/en\/?s={search_term_string}"},"query-input":{"@type":"PropertyValueSpecification","valueRequired":true,"valueName":"search_term_string"}}],"inLanguage":"en-US"},{"@type":"Organization","@id":"https:\/\/www.printcraft.ee\/en\/#organization","name":"3D Printing","url":"https:\/\/www.printcraft.ee\/en\/","logo":{"@type":"ImageObject","inLanguage":"en-US","@id":"https:\/\/www.printcraft.ee\/en\/#\/schema\/logo\/image\/","url":"https:\/\/www.printcraft.ee\/wp-content\/uploads\/2023\/12\/cropped-3DPrintimine-160-x-40-px-500-x-125-px-1000-x-500-px-1500-x-500-px.png","contentUrl":"https:\/\/www.printcraft.ee\/wp-content\/uploads\/2023\/12\/cropped-3DPrintimine-160-x-40-px-500-x-125-px-1000-x-500-px-1500-x-500-px.png","width":1500,"height":500,"caption":"3D Printimine"},"image":{"@id":"https:\/\/www.printcraft.ee\/en\/#\/schema\/logo\/image\/"}}]}},"_links":{"self":[{"href":"https:\/\/www.printcraft.ee\/en\/wp-json\/wp\/v2\/product\/2461","targetHints":{"allow":["GET"]}}],"collection":[{"href":"https:\/\/www.printcraft.ee\/en\/wp-json\/wp\/v2\/product"}],"about":[{"href":"https:\/\/www.printcraft.ee\/en\/wp-json\/wp\/v2\/types\/product"}],"replies":[{"embeddable":true,"href":"https:\/\/www.printcraft.ee\/en\/wp-json\/wp\/v2\/comments?post=2461"}],"wp:featuredmedia":[{"embeddable":true,"href":"https:\/\/www.printcraft.ee\/en\/wp-json\/wp\/v2\/media\/2462"}],"wp:attachment":[{"href":"https:\/\/www.printcraft.ee\/en\/wp-json\/wp\/v2\/media?parent=2461"}],"wp:term":[{"taxonomy":"product_brand","embeddable":true,"href":"https:\/\/www.printcraft.ee\/en\/wp-json\/wp\/v2\/product_brand?post=2461"},{"taxonomy":"product_cat","embeddable":true,"href":"https:\/\/www.printcraft.ee\/en\/wp-json\/wp\/v2\/product_cat?post=2461"},{"taxonomy":"product_tag","embeddable":true,"href":"https:\/\/www.printcraft.ee\/en\/wp-json\/wp\/v2\/product_tag?post=2461"}],"curies":[{"name":"wp","href":"https:\/\/api.w.org\/{rel}","templated":true}]}}