{"id":2448,"date":"2026-02-08T20:38:20","date_gmt":"2026-02-08T20:38:20","guid":{"rendered":"https:\/\/www.printcraft.ee\/?post_type=product&#038;p=2448"},"modified":"2026-02-08T20:42:52","modified_gmt":"2026-02-08T20:42:52","slug":"inslogic-tpu-95a-filament","status":"publish","type":"product","link":"https:\/\/www.printcraft.ee\/en\/product\/inslogic-tpu-95a-filament\/","title":{"rendered":"Inslogic TPU 95A Filament"},"content":{"rendered":"<p>Peamised omadused<\/p>\n<p>Tugev kihtide nakkumine<br \/>\nHea painduvus kummitaolise tekstuuriga<br \/>\nSuur vastupidavus h\u00f5\u00f5rdumisele, kulumisele ja rebenemisele<br \/>\nPehme, kuid tugev ja vastupidav<br \/>\nKeemiline vastupidavus<br \/>\nMaksimaalne venivus 536%<\/p>\n<p>Pikkus: 315 m<br \/>\nNetokaal: 1 kg<br \/>\nRooli ja papist m\u00e4hise kaal: 232 \u00b1 3 g<br \/>\nKogukaal: 1,233 \u00b1 0,03 kg<br \/>\nL\u00e4bim\u00f5\u00f5t: 1,75 mm \u00b1 0,03 mm<br \/>\nT\u00f5mbetugevus: 36,1 MPa<br \/>\nPikenemine katkemiseni: 1050%<br \/>\nPaindetugevus: 4,47 MPa<br \/>\nPaindemoodul: 89,3 MPa<br \/>\nTihedus: 1,23 g\/cm\u00b3<br \/>\nShore&#8217;i k\u00f5vadus: 95A<br \/>\nSoojuspainde temperatuur 0,45 MPa juures: 53 \u2103<br \/>\n* K\u00f5ik spetsifikatsioonid on laboris testitud. Pange t\u00e4hele, et materjali omadused v\u00f5ivad erineda s\u00f5ltuvalt detaili geomeetriast, tr\u00fckisuunast, tr\u00fckis\u00e4tetest ja temperatuurist.<\/p>","protected":false},"excerpt":{"rendered":"<p>Inslogic TPU (termoplastne pol\u00fcuretaan) filament on kvaliteetne materjal, mis on universaalselt disainitud ja \u00fchildub FDM 3D-printeritega, kasutades 1,75 mm l\u00e4bim\u00f5\u00f5duga filamenti t\u00e4psusega \u00b10,03 mm.<\/p>\n<p>Meie TPU pakub pehmet ja painduvat materjali, mis loob tugevaid ja vastupidavaid objekte, mis on v\u00f5imelised painduma, painutama ja naasma oma algkujule. See on kuumutamisel pehmuse ja vormitavusega ning s\u00e4ilitab jahutamisel k\u00f5vaduse ja struktuuri terviklikkuse.<\/p>\n<p>Inslogic TPU 95A filamenti on testitud Shore&#8217;i k\u00f5vadusega 95A. Shore&#8217;i k\u00f5vaduse skaala ulatub A-st (paindlik t\u00fc\u00fcp) kuni D-ni (j\u00e4ik t\u00fc\u00fcp), kusjuures vahemik on nii A- kui ka D-skaalal 0 (pehme) kuni 100 (k\u00f5va). Inslogic TPU on tuntud kui k\u00f5va, v\u00e4ga vastupidav ja usaldusv\u00e4\u00e4rne materjal.<\/p>","protected":false},"featured_media":2449,"comment_status":"open","ping_status":"closed","template":"","meta":[],"product_brand":[],"product_cat":[16],"product_tag":[],"class_list":{"0":"post-2448","1":"product","2":"type-product","3":"status-publish","4":"has-post-thumbnail","6":"product_cat-uncategorized","9":"instock","10":"shipping-taxable","11":"purchasable","12":"product-type-simple","13":"product-grid-view"},"yoast_head":"<!-- This site is optimized with the Yoast SEO plugin v26.9 - https:\/\/yoast.com\/product\/yoast-seo-wordpress\/ -->\n<title>Inslogic TPU 95A Filament - 3D Printimine<\/title>\n<meta name=\"robots\" content=\"index, follow, max-snippet:-1, max-image-preview:large, max-video-preview:-1\" \/>\n<link rel=\"canonical\" href=\"https:\/\/www.printcraft.ee\/en\/product\/inslogic-tpu-95a-filament\/\" \/>\n<meta property=\"og:locale\" content=\"en_US\" \/>\n<meta property=\"og:type\" content=\"article\" \/>\n<meta property=\"og:title\" content=\"Inslogic TPU 95A Filament - 3D Printimine\" \/>\n<meta property=\"og:description\" content=\"Inslogic TPU (termoplastne pol\u00fcuretaan) filament on kvaliteetne materjal, mis on universaalselt disainitud ja \u00fchildub FDM 3D-printeritega, kasutades 1,75 mm l\u00e4bim\u00f5\u00f5duga filamenti t\u00e4psusega \u00b10,03 mm.  Meie TPU pakub pehmet ja painduvat materjali, mis loob tugevaid ja vastupidavaid objekte, mis on v\u00f5imelised painduma, painutama ja naasma oma algkujule. See on kuumutamisel pehmuse ja vormitavusega ning s\u00e4ilitab jahutamisel k\u00f5vaduse ja struktuuri terviklikkuse.  Inslogic TPU 95A filamenti on testitud Shore&#039;i k\u00f5vadusega 95A. Shore&#039;i k\u00f5vaduse skaala ulatub A-st (paindlik t\u00fc\u00fcp) kuni D-ni (j\u00e4ik t\u00fc\u00fcp), kusjuures vahemik on nii A- kui ka D-skaalal 0 (pehme) kuni 100 (k\u00f5va). Inslogic TPU on tuntud kui k\u00f5va, v\u00e4ga vastupidav ja usaldusv\u00e4\u00e4rne materjal.\" \/>\n<meta property=\"og:url\" content=\"https:\/\/www.printcraft.ee\/en\/product\/inslogic-tpu-95a-filament\/\" \/>\n<meta property=\"og:site_name\" content=\"3D Printimine\" \/>\n<meta property=\"article:modified_time\" content=\"2026-02-08T20:42:52+00:00\" \/>\n<meta property=\"og:image\" content=\"https:\/\/www.printcraft.ee\/wp-content\/uploads\/2026\/02\/Inslogic_TPU_95A_Professional_3D_Printing_Functional_Filament.jpg.webp\" \/>\n\t<meta property=\"og:image:width\" content=\"1000\" \/>\n\t<meta property=\"og:image:height\" content=\"1000\" \/>\n\t<meta property=\"og:image:type\" content=\"image\/webp\" \/>\n<meta name=\"twitter:card\" content=\"summary_large_image\" \/>\n<meta name=\"twitter:label1\" content=\"Est. reading time\" \/>\n\t<meta name=\"twitter:data1\" content=\"1 minute\" \/>\n<script type=\"application\/ld+json\" class=\"yoast-schema-graph\">{\"@context\":\"https:\/\/schema.org\",\"@graph\":[{\"@type\":\"WebPage\",\"@id\":\"https:\/\/www.printcraft.ee\/product\/inslogic-tpu-95a-filament\/\",\"url\":\"https:\/\/www.printcraft.ee\/product\/inslogic-tpu-95a-filament\/\",\"name\":\"Inslogic TPU 95A Filament - 3D Printimine\",\"isPartOf\":{\"@id\":\"https:\/\/www.printcraft.ee\/en\/#website\"},\"primaryImageOfPage\":{\"@id\":\"https:\/\/www.printcraft.ee\/product\/inslogic-tpu-95a-filament\/#primaryimage\"},\"image\":{\"@id\":\"https:\/\/www.printcraft.ee\/product\/inslogic-tpu-95a-filament\/#primaryimage\"},\"thumbnailUrl\":\"https:\/\/www.printcraft.ee\/wp-content\/uploads\/2026\/02\/Inslogic_TPU_95A_Professional_3D_Printing_Functional_Filament.jpg.webp\",\"datePublished\":\"2026-02-08T20:38:20+00:00\",\"dateModified\":\"2026-02-08T20:42:52+00:00\",\"breadcrumb\":{\"@id\":\"https:\/\/www.printcraft.ee\/product\/inslogic-tpu-95a-filament\/#breadcrumb\"},\"inLanguage\":\"en-US\",\"potentialAction\":[{\"@type\":\"ReadAction\",\"target\":[\"https:\/\/www.printcraft.ee\/product\/inslogic-tpu-95a-filament\/\"]}]},{\"@type\":\"ImageObject\",\"inLanguage\":\"en-US\",\"@id\":\"https:\/\/www.printcraft.ee\/product\/inslogic-tpu-95a-filament\/#primaryimage\",\"url\":\"https:\/\/www.printcraft.ee\/wp-content\/uploads\/2026\/02\/Inslogic_TPU_95A_Professional_3D_Printing_Functional_Filament.jpg.webp\",\"contentUrl\":\"https:\/\/www.printcraft.ee\/wp-content\/uploads\/2026\/02\/Inslogic_TPU_95A_Professional_3D_Printing_Functional_Filament.jpg.webp\",\"width\":1000,\"height\":1000},{\"@type\":\"BreadcrumbList\",\"@id\":\"https:\/\/www.printcraft.ee\/product\/inslogic-tpu-95a-filament\/#breadcrumb\",\"itemListElement\":[{\"@type\":\"ListItem\",\"position\":1,\"name\":\"Home\",\"item\":\"https:\/\/www.printcraft.ee\/en\/\"},{\"@type\":\"ListItem\",\"position\":2,\"name\":\"Pood\",\"item\":\"https:\/\/www.printcraft.ee\/pood\/\"},{\"@type\":\"ListItem\",\"position\":3,\"name\":\"Inslogic TPU 95A Filament\"}]},{\"@type\":\"WebSite\",\"@id\":\"https:\/\/www.printcraft.ee\/en\/#website\",\"url\":\"https:\/\/www.printcraft.ee\/en\/\",\"name\":\"3D Printimine\",\"description\":\"K\u00fcsi hinnapakkuimist\",\"publisher\":{\"@id\":\"https:\/\/www.printcraft.ee\/en\/#organization\"},\"potentialAction\":[{\"@type\":\"SearchAction\",\"target\":{\"@type\":\"EntryPoint\",\"urlTemplate\":\"https:\/\/www.printcraft.ee\/en\/?s={search_term_string}\"},\"query-input\":{\"@type\":\"PropertyValueSpecification\",\"valueRequired\":true,\"valueName\":\"search_term_string\"}}],\"inLanguage\":\"en-US\"},{\"@type\":\"Organization\",\"@id\":\"https:\/\/www.printcraft.ee\/en\/#organization\",\"name\":\"3D Printimine\",\"url\":\"https:\/\/www.printcraft.ee\/en\/\",\"logo\":{\"@type\":\"ImageObject\",\"inLanguage\":\"en-US\",\"@id\":\"https:\/\/www.printcraft.ee\/en\/#\/schema\/logo\/image\/\",\"url\":\"https:\/\/www.printcraft.ee\/wp-content\/uploads\/2023\/12\/cropped-3DPrintimine-160-x-40-px-500-x-125-px-1000-x-500-px-1500-x-500-px.png\",\"contentUrl\":\"https:\/\/www.printcraft.ee\/wp-content\/uploads\/2023\/12\/cropped-3DPrintimine-160-x-40-px-500-x-125-px-1000-x-500-px-1500-x-500-px.png\",\"width\":1500,\"height\":500,\"caption\":\"3D Printimine\"},\"image\":{\"@id\":\"https:\/\/www.printcraft.ee\/en\/#\/schema\/logo\/image\/\"}}]}<\/script>\n<!-- \/ Yoast SEO plugin. -->","yoast_head_json":{"title":"Inslogic TPU 95A Filament - 3D Printimine","robots":{"index":"index","follow":"follow","max-snippet":"max-snippet:-1","max-image-preview":"max-image-preview:large","max-video-preview":"max-video-preview:-1"},"canonical":"https:\/\/www.printcraft.ee\/en\/product\/inslogic-tpu-95a-filament\/","og_locale":"en_US","og_type":"article","og_title":"Inslogic TPU 95A Filament - 3D Printimine","og_description":"Inslogic TPU (termoplastne pol\u00fcuretaan) filament on kvaliteetne materjal, mis on universaalselt disainitud ja \u00fchildub FDM 3D-printeritega, kasutades 1,75 mm l\u00e4bim\u00f5\u00f5duga filamenti t\u00e4psusega \u00b10,03 mm.  Meie TPU pakub pehmet ja painduvat materjali, mis loob tugevaid ja vastupidavaid objekte, mis on v\u00f5imelised painduma, painutama ja naasma oma algkujule. See on kuumutamisel pehmuse ja vormitavusega ning s\u00e4ilitab jahutamisel k\u00f5vaduse ja struktuuri terviklikkuse.  Inslogic TPU 95A filamenti on testitud Shore'i k\u00f5vadusega 95A. Shore'i k\u00f5vaduse skaala ulatub A-st (paindlik t\u00fc\u00fcp) kuni D-ni (j\u00e4ik t\u00fc\u00fcp), kusjuures vahemik on nii A- kui ka D-skaalal 0 (pehme) kuni 100 (k\u00f5va). Inslogic TPU on tuntud kui k\u00f5va, v\u00e4ga vastupidav ja usaldusv\u00e4\u00e4rne materjal.","og_url":"https:\/\/www.printcraft.ee\/en\/product\/inslogic-tpu-95a-filament\/","og_site_name":"3D Printimine","article_modified_time":"2026-02-08T20:42:52+00:00","og_image":[{"width":1000,"height":1000,"url":"https:\/\/www.printcraft.ee\/wp-content\/uploads\/2026\/02\/Inslogic_TPU_95A_Professional_3D_Printing_Functional_Filament.jpg.webp","type":"image\/webp"}],"twitter_card":"summary_large_image","twitter_misc":{"Est. reading time":"1 minute"},"schema":{"@context":"https:\/\/schema.org","@graph":[{"@type":"WebPage","@id":"https:\/\/www.printcraft.ee\/product\/inslogic-tpu-95a-filament\/","url":"https:\/\/www.printcraft.ee\/product\/inslogic-tpu-95a-filament\/","name":"Inslogic TPU 95A Filament - 3D Printimine","isPartOf":{"@id":"https:\/\/www.printcraft.ee\/en\/#website"},"primaryImageOfPage":{"@id":"https:\/\/www.printcraft.ee\/product\/inslogic-tpu-95a-filament\/#primaryimage"},"image":{"@id":"https:\/\/www.printcraft.ee\/product\/inslogic-tpu-95a-filament\/#primaryimage"},"thumbnailUrl":"https:\/\/www.printcraft.ee\/wp-content\/uploads\/2026\/02\/Inslogic_TPU_95A_Professional_3D_Printing_Functional_Filament.jpg.webp","datePublished":"2026-02-08T20:38:20+00:00","dateModified":"2026-02-08T20:42:52+00:00","breadcrumb":{"@id":"https:\/\/www.printcraft.ee\/product\/inslogic-tpu-95a-filament\/#breadcrumb"},"inLanguage":"en-US","potentialAction":[{"@type":"ReadAction","target":["https:\/\/www.printcraft.ee\/product\/inslogic-tpu-95a-filament\/"]}]},{"@type":"ImageObject","inLanguage":"en-US","@id":"https:\/\/www.printcraft.ee\/product\/inslogic-tpu-95a-filament\/#primaryimage","url":"https:\/\/www.printcraft.ee\/wp-content\/uploads\/2026\/02\/Inslogic_TPU_95A_Professional_3D_Printing_Functional_Filament.jpg.webp","contentUrl":"https:\/\/www.printcraft.ee\/wp-content\/uploads\/2026\/02\/Inslogic_TPU_95A_Professional_3D_Printing_Functional_Filament.jpg.webp","width":1000,"height":1000},{"@type":"BreadcrumbList","@id":"https:\/\/www.printcraft.ee\/product\/inslogic-tpu-95a-filament\/#breadcrumb","itemListElement":[{"@type":"ListItem","position":1,"name":"Home","item":"https:\/\/www.printcraft.ee\/en\/"},{"@type":"ListItem","position":2,"name":"Pood","item":"https:\/\/www.printcraft.ee\/pood\/"},{"@type":"ListItem","position":3,"name":"Inslogic TPU 95A Filament"}]},{"@type":"WebSite","@id":"https:\/\/www.printcraft.ee\/en\/#website","url":"https:\/\/www.printcraft.ee\/en\/","name":"3D Printing","description":"K\u00fcsi hinnapakkuimist","publisher":{"@id":"https:\/\/www.printcraft.ee\/en\/#organization"},"potentialAction":[{"@type":"SearchAction","target":{"@type":"EntryPoint","urlTemplate":"https:\/\/www.printcraft.ee\/en\/?s={search_term_string}"},"query-input":{"@type":"PropertyValueSpecification","valueRequired":true,"valueName":"search_term_string"}}],"inLanguage":"en-US"},{"@type":"Organization","@id":"https:\/\/www.printcraft.ee\/en\/#organization","name":"3D Printing","url":"https:\/\/www.printcraft.ee\/en\/","logo":{"@type":"ImageObject","inLanguage":"en-US","@id":"https:\/\/www.printcraft.ee\/en\/#\/schema\/logo\/image\/","url":"https:\/\/www.printcraft.ee\/wp-content\/uploads\/2023\/12\/cropped-3DPrintimine-160-x-40-px-500-x-125-px-1000-x-500-px-1500-x-500-px.png","contentUrl":"https:\/\/www.printcraft.ee\/wp-content\/uploads\/2023\/12\/cropped-3DPrintimine-160-x-40-px-500-x-125-px-1000-x-500-px-1500-x-500-px.png","width":1500,"height":500,"caption":"3D Printimine"},"image":{"@id":"https:\/\/www.printcraft.ee\/en\/#\/schema\/logo\/image\/"}}]}},"_links":{"self":[{"href":"https:\/\/www.printcraft.ee\/en\/wp-json\/wp\/v2\/product\/2448","targetHints":{"allow":["GET"]}}],"collection":[{"href":"https:\/\/www.printcraft.ee\/en\/wp-json\/wp\/v2\/product"}],"about":[{"href":"https:\/\/www.printcraft.ee\/en\/wp-json\/wp\/v2\/types\/product"}],"replies":[{"embeddable":true,"href":"https:\/\/www.printcraft.ee\/en\/wp-json\/wp\/v2\/comments?post=2448"}],"wp:featuredmedia":[{"embeddable":true,"href":"https:\/\/www.printcraft.ee\/en\/wp-json\/wp\/v2\/media\/2449"}],"wp:attachment":[{"href":"https:\/\/www.printcraft.ee\/en\/wp-json\/wp\/v2\/media?parent=2448"}],"wp:term":[{"taxonomy":"product_brand","embeddable":true,"href":"https:\/\/www.printcraft.ee\/en\/wp-json\/wp\/v2\/product_brand?post=2448"},{"taxonomy":"product_cat","embeddable":true,"href":"https:\/\/www.printcraft.ee\/en\/wp-json\/wp\/v2\/product_cat?post=2448"},{"taxonomy":"product_tag","embeddable":true,"href":"https:\/\/www.printcraft.ee\/en\/wp-json\/wp\/v2\/product_tag?post=2448"}],"curies":[{"name":"wp","href":"https:\/\/api.w.org\/{rel}","templated":true}]}}