{"id":2415,"date":"2026-02-08T20:21:58","date_gmt":"2026-02-08T20:21:58","guid":{"rendered":"https:\/\/www.printcraft.ee\/?post_type=product&#038;p=2415"},"modified":"2026-02-08T20:27:48","modified_gmt":"2026-02-08T20:27:48","slug":"inslogic-petg-pro-filament","status":"publish","type":"product","link":"https:\/\/www.printcraft.ee\/en\/product\/inslogic-petg-pro-filament\/","title":{"rendered":"Inslogic PETG Pro Filament"},"content":{"rendered":"<p>Peamised omadused<\/p>\n<p>Minimaalne deformatsioon ja suurep\u00e4rane kihtide nakkuvus<br \/>\nV\u00e4hene kokkut\u00f5mbumine, suur m\u00f5\u00f5tmete t\u00e4psus<br \/>\nJ\u00e4ik materjal hea l\u00f6\u00f6gikindlusega<br \/>\nHea keemiline vastupidavus<br \/>\n\u00dchildub suure kiirusega kuni 600 mm\/s<\/p>\n<p>Pikkus: 300 m<br \/>\nNetokaal: 1 kg<br \/>\nKorduvkasutatava pooli ja pappm\u00e4hise kaal: 232 \u00b1 3 g<br \/>\nKogukaal: 1,233 \u00b1 0,03 kg<br \/>\nL\u00e4bim\u00f5\u00f5t: 1,75 mm \u00b1 0,02 mm<br \/>\nT\u00f5mbetugevus: 50 MPa<br \/>\nPikenemine katkemiseni: 34,53%<br \/>\nPaindetugevus: 81,9 MPa<br \/>\nPaindemoodul: 2750 MPa<br \/>\nKlaasimise temperatuur 10 \u00b0C\/min juures: 65,5 \u2103<br \/>\nSoojuspainde temperatuur 0,45 MPa juures: 72 \u2103<\/p>\n<p>* K\u00f5ik spetsifikatsioonid on laboris testitud. Pange t\u00e4hele, et materjali omadused v\u00f5ivad erineda s\u00f5ltuvalt detaili geomeetriast, tr\u00fckisuunast, tr\u00fckis\u00e4tetest ja temperatuurist.<\/p>","protected":false},"excerpt":{"rendered":"<p>Inslogic PETG Pro (pol\u00fcet\u00fcleentereftalaatgl\u00fckool) filament on universaalselt disainitud ja \u00fchildub FDM 3D-printeritega, mis kasutavad 1,75 mm l\u00e4bim\u00f5\u00f5duga filamenti t\u00e4psusega \u00b10,02 mm.<\/p>\n<p>Inslogic PETG Pro filament \u00fchendab PLA printimise lihtsuse parema m\u00f5\u00f5tmete stabiilsusega. See pakub tasakaalustatud omaduste komplekti, sealhulgas vastupidavust, paremat aluspinna haarduvust ja j\u00e4ikust, mist\u00f5ttu sobib see ideaalselt funktsionaalseteks ja suuremahulisteks tr\u00fckiprojektideks.<\/p>\n<p>Tugevate, vastupidavate omaduste ja paindlikkusega PETG Pro pakub vastupidavust kuumusele ja mitmesugustele kemikaalidele, nagu hape, nafta, ester ja alkohol. See sobib eriti h\u00e4sti vormide, tootmisseadmete, elektroonikakorpuste ja isoleerivate osade jaoks.<\/p>","protected":false},"featured_media":2416,"comment_status":"open","ping_status":"closed","template":"","meta":[],"product_brand":[],"product_cat":[16],"product_tag":[],"class_list":{"0":"post-2415","1":"product","2":"type-product","3":"status-publish","4":"has-post-thumbnail","6":"product_cat-uncategorized","9":"instock","10":"shipping-taxable","11":"purchasable","12":"product-type-simple","13":"product-grid-view"},"yoast_head":"<!-- This site is optimized with the Yoast SEO plugin v26.9 - https:\/\/yoast.com\/product\/yoast-seo-wordpress\/ -->\n<title>Inslogic PETG Pro Filament - 3D Printimine<\/title>\n<meta name=\"robots\" content=\"index, follow, max-snippet:-1, max-image-preview:large, max-video-preview:-1\" \/>\n<link rel=\"canonical\" href=\"https:\/\/www.printcraft.ee\/en\/product\/inslogic-petg-pro-filament\/\" \/>\n<meta property=\"og:locale\" content=\"en_US\" \/>\n<meta property=\"og:type\" content=\"article\" \/>\n<meta property=\"og:title\" content=\"Inslogic PETG Pro Filament - 3D Printimine\" \/>\n<meta property=\"og:description\" content=\"Inslogic PETG Pro (pol\u00fcet\u00fcleentereftalaatgl\u00fckool) filament on universaalselt disainitud ja \u00fchildub FDM 3D-printeritega, mis kasutavad 1,75 mm l\u00e4bim\u00f5\u00f5duga filamenti t\u00e4psusega \u00b10,02 mm.  Inslogic PETG Pro filament \u00fchendab PLA printimise lihtsuse parema m\u00f5\u00f5tmete stabiilsusega. See pakub tasakaalustatud omaduste komplekti, sealhulgas vastupidavust, paremat aluspinna haarduvust ja j\u00e4ikust, mist\u00f5ttu sobib see ideaalselt funktsionaalseteks ja suuremahulisteks tr\u00fckiprojektideks.  Tugevate, vastupidavate omaduste ja paindlikkusega PETG Pro pakub vastupidavust kuumusele ja mitmesugustele kemikaalidele, nagu hape, nafta, ester ja alkohol. See sobib eriti h\u00e4sti vormide, tootmisseadmete, elektroonikakorpuste ja isoleerivate osade jaoks.\" \/>\n<meta property=\"og:url\" content=\"https:\/\/www.printcraft.ee\/en\/product\/inslogic-petg-pro-filament\/\" \/>\n<meta property=\"og:site_name\" content=\"3D Printimine\" \/>\n<meta property=\"article:modified_time\" content=\"2026-02-08T20:27:48+00:00\" \/>\n<meta property=\"og:image\" content=\"https:\/\/www.printcraft.ee\/wp-content\/uploads\/2026\/02\/Inslogic_PETG_Pro_Professional_3D_Printing_Filament.jpg.webp\" \/>\n\t<meta property=\"og:image:width\" content=\"1000\" \/>\n\t<meta property=\"og:image:height\" content=\"1000\" \/>\n\t<meta property=\"og:image:type\" content=\"image\/webp\" \/>\n<meta name=\"twitter:card\" content=\"summary_large_image\" \/>\n<meta name=\"twitter:label1\" content=\"Est. reading time\" \/>\n\t<meta name=\"twitter:data1\" content=\"1 minute\" \/>\n<script type=\"application\/ld+json\" class=\"yoast-schema-graph\">{\"@context\":\"https:\/\/schema.org\",\"@graph\":[{\"@type\":\"WebPage\",\"@id\":\"https:\/\/www.printcraft.ee\/product\/inslogic-petg-pro-filament\/\",\"url\":\"https:\/\/www.printcraft.ee\/product\/inslogic-petg-pro-filament\/\",\"name\":\"Inslogic PETG Pro Filament - 3D Printimine\",\"isPartOf\":{\"@id\":\"https:\/\/www.printcraft.ee\/en\/#website\"},\"primaryImageOfPage\":{\"@id\":\"https:\/\/www.printcraft.ee\/product\/inslogic-petg-pro-filament\/#primaryimage\"},\"image\":{\"@id\":\"https:\/\/www.printcraft.ee\/product\/inslogic-petg-pro-filament\/#primaryimage\"},\"thumbnailUrl\":\"https:\/\/www.printcraft.ee\/wp-content\/uploads\/2026\/02\/Inslogic_PETG_Pro_Professional_3D_Printing_Filament.jpg.webp\",\"datePublished\":\"2026-02-08T20:21:58+00:00\",\"dateModified\":\"2026-02-08T20:27:48+00:00\",\"breadcrumb\":{\"@id\":\"https:\/\/www.printcraft.ee\/product\/inslogic-petg-pro-filament\/#breadcrumb\"},\"inLanguage\":\"en-US\",\"potentialAction\":[{\"@type\":\"ReadAction\",\"target\":[\"https:\/\/www.printcraft.ee\/product\/inslogic-petg-pro-filament\/\"]}]},{\"@type\":\"ImageObject\",\"inLanguage\":\"en-US\",\"@id\":\"https:\/\/www.printcraft.ee\/product\/inslogic-petg-pro-filament\/#primaryimage\",\"url\":\"https:\/\/www.printcraft.ee\/wp-content\/uploads\/2026\/02\/Inslogic_PETG_Pro_Professional_3D_Printing_Filament.jpg.webp\",\"contentUrl\":\"https:\/\/www.printcraft.ee\/wp-content\/uploads\/2026\/02\/Inslogic_PETG_Pro_Professional_3D_Printing_Filament.jpg.webp\",\"width\":1000,\"height\":1000},{\"@type\":\"BreadcrumbList\",\"@id\":\"https:\/\/www.printcraft.ee\/product\/inslogic-petg-pro-filament\/#breadcrumb\",\"itemListElement\":[{\"@type\":\"ListItem\",\"position\":1,\"name\":\"Home\",\"item\":\"https:\/\/www.printcraft.ee\/en\/\"},{\"@type\":\"ListItem\",\"position\":2,\"name\":\"Pood\",\"item\":\"https:\/\/www.printcraft.ee\/pood\/\"},{\"@type\":\"ListItem\",\"position\":3,\"name\":\"Inslogic PETG Pro Filament\"}]},{\"@type\":\"WebSite\",\"@id\":\"https:\/\/www.printcraft.ee\/en\/#website\",\"url\":\"https:\/\/www.printcraft.ee\/en\/\",\"name\":\"3D Printimine\",\"description\":\"K\u00fcsi hinnapakkuimist\",\"publisher\":{\"@id\":\"https:\/\/www.printcraft.ee\/en\/#organization\"},\"potentialAction\":[{\"@type\":\"SearchAction\",\"target\":{\"@type\":\"EntryPoint\",\"urlTemplate\":\"https:\/\/www.printcraft.ee\/en\/?s={search_term_string}\"},\"query-input\":{\"@type\":\"PropertyValueSpecification\",\"valueRequired\":true,\"valueName\":\"search_term_string\"}}],\"inLanguage\":\"en-US\"},{\"@type\":\"Organization\",\"@id\":\"https:\/\/www.printcraft.ee\/en\/#organization\",\"name\":\"3D Printimine\",\"url\":\"https:\/\/www.printcraft.ee\/en\/\",\"logo\":{\"@type\":\"ImageObject\",\"inLanguage\":\"en-US\",\"@id\":\"https:\/\/www.printcraft.ee\/en\/#\/schema\/logo\/image\/\",\"url\":\"https:\/\/www.printcraft.ee\/wp-content\/uploads\/2023\/12\/cropped-3DPrintimine-160-x-40-px-500-x-125-px-1000-x-500-px-1500-x-500-px.png\",\"contentUrl\":\"https:\/\/www.printcraft.ee\/wp-content\/uploads\/2023\/12\/cropped-3DPrintimine-160-x-40-px-500-x-125-px-1000-x-500-px-1500-x-500-px.png\",\"width\":1500,\"height\":500,\"caption\":\"3D Printimine\"},\"image\":{\"@id\":\"https:\/\/www.printcraft.ee\/en\/#\/schema\/logo\/image\/\"}}]}<\/script>\n<!-- \/ Yoast SEO plugin. -->","yoast_head_json":{"title":"Inslogic PETG Pro Filament - 3D Printimine","robots":{"index":"index","follow":"follow","max-snippet":"max-snippet:-1","max-image-preview":"max-image-preview:large","max-video-preview":"max-video-preview:-1"},"canonical":"https:\/\/www.printcraft.ee\/en\/product\/inslogic-petg-pro-filament\/","og_locale":"en_US","og_type":"article","og_title":"Inslogic PETG Pro Filament - 3D Printimine","og_description":"Inslogic PETG Pro (pol\u00fcet\u00fcleentereftalaatgl\u00fckool) filament on universaalselt disainitud ja \u00fchildub FDM 3D-printeritega, mis kasutavad 1,75 mm l\u00e4bim\u00f5\u00f5duga filamenti t\u00e4psusega \u00b10,02 mm.  Inslogic PETG Pro filament \u00fchendab PLA printimise lihtsuse parema m\u00f5\u00f5tmete stabiilsusega. See pakub tasakaalustatud omaduste komplekti, sealhulgas vastupidavust, paremat aluspinna haarduvust ja j\u00e4ikust, mist\u00f5ttu sobib see ideaalselt funktsionaalseteks ja suuremahulisteks tr\u00fckiprojektideks.  Tugevate, vastupidavate omaduste ja paindlikkusega PETG Pro pakub vastupidavust kuumusele ja mitmesugustele kemikaalidele, nagu hape, nafta, ester ja alkohol. See sobib eriti h\u00e4sti vormide, tootmisseadmete, elektroonikakorpuste ja isoleerivate osade jaoks.","og_url":"https:\/\/www.printcraft.ee\/en\/product\/inslogic-petg-pro-filament\/","og_site_name":"3D Printimine","article_modified_time":"2026-02-08T20:27:48+00:00","og_image":[{"width":1000,"height":1000,"url":"https:\/\/www.printcraft.ee\/wp-content\/uploads\/2026\/02\/Inslogic_PETG_Pro_Professional_3D_Printing_Filament.jpg.webp","type":"image\/webp"}],"twitter_card":"summary_large_image","twitter_misc":{"Est. reading time":"1 minute"},"schema":{"@context":"https:\/\/schema.org","@graph":[{"@type":"WebPage","@id":"https:\/\/www.printcraft.ee\/product\/inslogic-petg-pro-filament\/","url":"https:\/\/www.printcraft.ee\/product\/inslogic-petg-pro-filament\/","name":"Inslogic PETG Pro Filament - 3D Printimine","isPartOf":{"@id":"https:\/\/www.printcraft.ee\/en\/#website"},"primaryImageOfPage":{"@id":"https:\/\/www.printcraft.ee\/product\/inslogic-petg-pro-filament\/#primaryimage"},"image":{"@id":"https:\/\/www.printcraft.ee\/product\/inslogic-petg-pro-filament\/#primaryimage"},"thumbnailUrl":"https:\/\/www.printcraft.ee\/wp-content\/uploads\/2026\/02\/Inslogic_PETG_Pro_Professional_3D_Printing_Filament.jpg.webp","datePublished":"2026-02-08T20:21:58+00:00","dateModified":"2026-02-08T20:27:48+00:00","breadcrumb":{"@id":"https:\/\/www.printcraft.ee\/product\/inslogic-petg-pro-filament\/#breadcrumb"},"inLanguage":"en-US","potentialAction":[{"@type":"ReadAction","target":["https:\/\/www.printcraft.ee\/product\/inslogic-petg-pro-filament\/"]}]},{"@type":"ImageObject","inLanguage":"en-US","@id":"https:\/\/www.printcraft.ee\/product\/inslogic-petg-pro-filament\/#primaryimage","url":"https:\/\/www.printcraft.ee\/wp-content\/uploads\/2026\/02\/Inslogic_PETG_Pro_Professional_3D_Printing_Filament.jpg.webp","contentUrl":"https:\/\/www.printcraft.ee\/wp-content\/uploads\/2026\/02\/Inslogic_PETG_Pro_Professional_3D_Printing_Filament.jpg.webp","width":1000,"height":1000},{"@type":"BreadcrumbList","@id":"https:\/\/www.printcraft.ee\/product\/inslogic-petg-pro-filament\/#breadcrumb","itemListElement":[{"@type":"ListItem","position":1,"name":"Home","item":"https:\/\/www.printcraft.ee\/en\/"},{"@type":"ListItem","position":2,"name":"Pood","item":"https:\/\/www.printcraft.ee\/pood\/"},{"@type":"ListItem","position":3,"name":"Inslogic PETG Pro Filament"}]},{"@type":"WebSite","@id":"https:\/\/www.printcraft.ee\/en\/#website","url":"https:\/\/www.printcraft.ee\/en\/","name":"3D Printing","description":"K\u00fcsi hinnapakkuimist","publisher":{"@id":"https:\/\/www.printcraft.ee\/en\/#organization"},"potentialAction":[{"@type":"SearchAction","target":{"@type":"EntryPoint","urlTemplate":"https:\/\/www.printcraft.ee\/en\/?s={search_term_string}"},"query-input":{"@type":"PropertyValueSpecification","valueRequired":true,"valueName":"search_term_string"}}],"inLanguage":"en-US"},{"@type":"Organization","@id":"https:\/\/www.printcraft.ee\/en\/#organization","name":"3D Printing","url":"https:\/\/www.printcraft.ee\/en\/","logo":{"@type":"ImageObject","inLanguage":"en-US","@id":"https:\/\/www.printcraft.ee\/en\/#\/schema\/logo\/image\/","url":"https:\/\/www.printcraft.ee\/wp-content\/uploads\/2023\/12\/cropped-3DPrintimine-160-x-40-px-500-x-125-px-1000-x-500-px-1500-x-500-px.png","contentUrl":"https:\/\/www.printcraft.ee\/wp-content\/uploads\/2023\/12\/cropped-3DPrintimine-160-x-40-px-500-x-125-px-1000-x-500-px-1500-x-500-px.png","width":1500,"height":500,"caption":"3D Printimine"},"image":{"@id":"https:\/\/www.printcraft.ee\/en\/#\/schema\/logo\/image\/"}}]}},"_links":{"self":[{"href":"https:\/\/www.printcraft.ee\/en\/wp-json\/wp\/v2\/product\/2415","targetHints":{"allow":["GET"]}}],"collection":[{"href":"https:\/\/www.printcraft.ee\/en\/wp-json\/wp\/v2\/product"}],"about":[{"href":"https:\/\/www.printcraft.ee\/en\/wp-json\/wp\/v2\/types\/product"}],"replies":[{"embeddable":true,"href":"https:\/\/www.printcraft.ee\/en\/wp-json\/wp\/v2\/comments?post=2415"}],"wp:featuredmedia":[{"embeddable":true,"href":"https:\/\/www.printcraft.ee\/en\/wp-json\/wp\/v2\/media\/2416"}],"wp:attachment":[{"href":"https:\/\/www.printcraft.ee\/en\/wp-json\/wp\/v2\/media?parent=2415"}],"wp:term":[{"taxonomy":"product_brand","embeddable":true,"href":"https:\/\/www.printcraft.ee\/en\/wp-json\/wp\/v2\/product_brand?post=2415"},{"taxonomy":"product_cat","embeddable":true,"href":"https:\/\/www.printcraft.ee\/en\/wp-json\/wp\/v2\/product_cat?post=2415"},{"taxonomy":"product_tag","embeddable":true,"href":"https:\/\/www.printcraft.ee\/en\/wp-json\/wp\/v2\/product_tag?post=2415"}],"curies":[{"name":"wp","href":"https:\/\/api.w.org\/{rel}","templated":true}]}}