{"id":2400,"date":"2026-02-08T20:12:01","date_gmt":"2026-02-08T20:12:01","guid":{"rendered":"https:\/\/www.printcraft.ee\/?post_type=product&#038;p=2400"},"modified":"2026-02-08T20:18:55","modified_gmt":"2026-02-08T20:18:55","slug":"inslogic-high-speed-pla-pro-filament","status":"publish","type":"product","link":"https:\/\/www.printcraft.ee\/en\/product\/inslogic-high-speed-pla-pro-filament\/","title":{"rendered":"Inslogic High-Speed PLA Pro Filament"},"content":{"rendered":"<p>Peamised omadused<\/p>\n<p>HS PLA t\u00e4iustatud uuendus<br \/>\nKiire printimiskiirus kuni 600 mm\/s<br \/>\nSuurem vastupidavus, l\u00f6\u00f6gikindlus ja vastupidavus<br \/>\nParem voolavus ja kihtidevaheline nakkuvus<br \/>\nSuurep\u00e4rane kvaliteet ja pinnaviimistlus isegi suurtel kiirustel<br \/>\nLihtne printida, biolagunev ja keskkonnas\u00f5bralik<br \/>\nEelkuivatatud koheseks kasutamiseks ja optimaalsete tulemuste saavutamiseks<\/p>\n<p>Pikkus: 330 m<br \/>\nNetokaal: 1 kg<br \/>\nL\u00e4bim\u00f5\u00f5t: 1,75 mm \u00b1 0,02 mm<br \/>\nT\u00f5mbetugevus: 42 MPa<br \/>\nPikenemine katkemiseni: 7,6%<br \/>\nPaindetugevus: 75 MPa<br \/>\nPaindemoodul: 3500 MPa<br \/>\nIzodi l\u00f6\u00f6gikindlus, s\u00e4lguline: 11,2 KJ\/m\u00b2<br \/>\nTihedus: 1,26 g\/cm\u00b3<br \/>\nSoojuspainde temperatuur 0,45 MPa juures: 55 \u2103<br \/>\n&#8212;&#8212;&#8212;&#8212;&#8212;&#8212;&#8212;&#8212;&#8212;<\/p>\n<p>1 kg korduvkasutatava pooli spetsifikatsioonid:<\/p>\n<p>Materjalid: ABS<br \/>\nV\u00e4rvus: must<br \/>\nTemperatuurikindlus: \u226470 \u2103<br \/>\nPooli ja papist m\u00e4hise kaal: 232 \u00b1 3 g<br \/>\nSisemise augu l\u00e4bim\u00f5\u00f5t: 55 \u00b1 0,1 mm<br \/>\nV\u00e4lisl\u00e4bim\u00f5\u00f5t: 200 \u00b1 0,1 mm<br \/>\nLaius: 67 \u00b1 0,1 mm<br \/>\n* K\u00f5ik spetsifikatsioonid on testitud laboris. Pange t\u00e4hele, et materjali omadused v\u00f5ivad erineda s\u00f5ltuvalt detaili geomeetriast, prindisuunast, prindis\u00e4tetest ja temperatuurist.<\/p>","protected":false},"excerpt":{"rendered":"<p>Inslogic High-Speed \u200b\u200bPLA Pro filament on universaalselt disainitud ja \u00fchildub FDM 3D-printeritega, mis kasutavad 1,75 mm l\u00e4bim\u00f5\u00f5duga filamenti t\u00e4psusega \u00b10,02 mm.<\/p>\n<p>Inslogic High-Speed \u200b\u200bPLA Pro filament on High-Speed \u200b\u200bPLA t\u00e4iustatud versioon, mis on loodud parema j\u00f5udluse ja t\u00f6\u00f6kindluse tagamiseks. Paindetugevusega 75 MPa pakub see suuremat vastupidavust, l\u00f6\u00f6gikindlust ja vastupidavust, mille tulemuseks on tugevamad prinditud osad.<\/p>\n<p>See filament, mis on loodud kiireks 3D-printimiseks kiirusel kuni 600 mm\/s, suurendab oluliselt protot\u00fc\u00fcpimise efektiivsust, ohverdamata kvaliteeti. Selle suurep\u00e4rased voolavusomadused v\u00e4hendavad ummistumise ohtu kiire printimise ajal, tagades sujuva ekstrusiooni, t\u00e4pse m\u00f5\u00f5tmete t\u00e4psuse ja j\u00e4rjepidevalt k\u00f5rge kvaliteediga tulemused.<\/p>","protected":false},"featured_media":2401,"comment_status":"open","ping_status":"closed","template":"","meta":[],"product_brand":[],"product_cat":[16],"product_tag":[],"class_list":{"0":"post-2400","1":"product","2":"type-product","3":"status-publish","4":"has-post-thumbnail","6":"product_cat-uncategorized","9":"instock","10":"shipping-taxable","11":"purchasable","12":"product-type-simple","13":"product-grid-view"},"yoast_head":"<!-- This site is optimized with the Yoast SEO plugin v26.9 - https:\/\/yoast.com\/product\/yoast-seo-wordpress\/ -->\n<title>Inslogic High-Speed PLA Pro Filament - 3D Printimine<\/title>\n<meta name=\"robots\" content=\"index, follow, max-snippet:-1, max-image-preview:large, max-video-preview:-1\" \/>\n<link rel=\"canonical\" href=\"https:\/\/www.printcraft.ee\/en\/product\/inslogic-high-speed-pla-pro-filament\/\" \/>\n<meta property=\"og:locale\" content=\"en_US\" \/>\n<meta property=\"og:type\" content=\"article\" \/>\n<meta property=\"og:title\" content=\"Inslogic High-Speed PLA Pro Filament - 3D Printimine\" \/>\n<meta property=\"og:description\" content=\"Inslogic High-Speed \u200b\u200bPLA Pro filament on universaalselt disainitud ja \u00fchildub FDM 3D-printeritega, mis kasutavad 1,75 mm l\u00e4bim\u00f5\u00f5duga filamenti t\u00e4psusega \u00b10,02 mm.  Inslogic High-Speed \u200b\u200bPLA Pro filament on High-Speed \u200b\u200bPLA t\u00e4iustatud versioon, mis on loodud parema j\u00f5udluse ja t\u00f6\u00f6kindluse tagamiseks. Paindetugevusega 75 MPa pakub see suuremat vastupidavust, l\u00f6\u00f6gikindlust ja vastupidavust, mille tulemuseks on tugevamad prinditud osad.  See filament, mis on loodud kiireks 3D-printimiseks kiirusel kuni 600 mm\/s, suurendab oluliselt protot\u00fc\u00fcpimise efektiivsust, ohverdamata kvaliteeti. Selle suurep\u00e4rased voolavusomadused v\u00e4hendavad ummistumise ohtu kiire printimise ajal, tagades sujuva ekstrusiooni, t\u00e4pse m\u00f5\u00f5tmete t\u00e4psuse ja j\u00e4rjepidevalt k\u00f5rge kvaliteediga tulemused.\" \/>\n<meta property=\"og:url\" content=\"https:\/\/www.printcraft.ee\/en\/product\/inslogic-high-speed-pla-pro-filament\/\" \/>\n<meta property=\"og:site_name\" content=\"3D Printimine\" \/>\n<meta property=\"article:modified_time\" content=\"2026-02-08T20:18:55+00:00\" \/>\n<meta property=\"og:image\" content=\"https:\/\/www.printcraft.ee\/wp-content\/uploads\/2026\/02\/Inslogic_High-Speed_PLA_Pro_Professional_3D_Printing_Filament.jpg.webp\" \/>\n\t<meta property=\"og:image:width\" content=\"1300\" \/>\n\t<meta property=\"og:image:height\" content=\"1300\" \/>\n\t<meta property=\"og:image:type\" content=\"image\/webp\" \/>\n<meta name=\"twitter:card\" content=\"summary_large_image\" \/>\n<meta name=\"twitter:label1\" content=\"Est. reading time\" \/>\n\t<meta name=\"twitter:data1\" content=\"1 minute\" \/>\n<script type=\"application\/ld+json\" class=\"yoast-schema-graph\">{\"@context\":\"https:\/\/schema.org\",\"@graph\":[{\"@type\":\"WebPage\",\"@id\":\"https:\/\/www.printcraft.ee\/product\/inslogic-high-speed-pla-pro-filament\/\",\"url\":\"https:\/\/www.printcraft.ee\/product\/inslogic-high-speed-pla-pro-filament\/\",\"name\":\"Inslogic High-Speed PLA Pro Filament - 3D Printimine\",\"isPartOf\":{\"@id\":\"https:\/\/www.printcraft.ee\/en\/#website\"},\"primaryImageOfPage\":{\"@id\":\"https:\/\/www.printcraft.ee\/product\/inslogic-high-speed-pla-pro-filament\/#primaryimage\"},\"image\":{\"@id\":\"https:\/\/www.printcraft.ee\/product\/inslogic-high-speed-pla-pro-filament\/#primaryimage\"},\"thumbnailUrl\":\"https:\/\/www.printcraft.ee\/wp-content\/uploads\/2026\/02\/Inslogic_High-Speed_PLA_Pro_Professional_3D_Printing_Filament.jpg.webp\",\"datePublished\":\"2026-02-08T20:12:01+00:00\",\"dateModified\":\"2026-02-08T20:18:55+00:00\",\"breadcrumb\":{\"@id\":\"https:\/\/www.printcraft.ee\/product\/inslogic-high-speed-pla-pro-filament\/#breadcrumb\"},\"inLanguage\":\"en-US\",\"potentialAction\":[{\"@type\":\"ReadAction\",\"target\":[\"https:\/\/www.printcraft.ee\/product\/inslogic-high-speed-pla-pro-filament\/\"]}]},{\"@type\":\"ImageObject\",\"inLanguage\":\"en-US\",\"@id\":\"https:\/\/www.printcraft.ee\/product\/inslogic-high-speed-pla-pro-filament\/#primaryimage\",\"url\":\"https:\/\/www.printcraft.ee\/wp-content\/uploads\/2026\/02\/Inslogic_High-Speed_PLA_Pro_Professional_3D_Printing_Filament.jpg.webp\",\"contentUrl\":\"https:\/\/www.printcraft.ee\/wp-content\/uploads\/2026\/02\/Inslogic_High-Speed_PLA_Pro_Professional_3D_Printing_Filament.jpg.webp\",\"width\":1300,\"height\":1300},{\"@type\":\"BreadcrumbList\",\"@id\":\"https:\/\/www.printcraft.ee\/product\/inslogic-high-speed-pla-pro-filament\/#breadcrumb\",\"itemListElement\":[{\"@type\":\"ListItem\",\"position\":1,\"name\":\"Home\",\"item\":\"https:\/\/www.printcraft.ee\/en\/\"},{\"@type\":\"ListItem\",\"position\":2,\"name\":\"Pood\",\"item\":\"https:\/\/www.printcraft.ee\/pood\/\"},{\"@type\":\"ListItem\",\"position\":3,\"name\":\"Inslogic High-Speed PLA Pro Filament\"}]},{\"@type\":\"WebSite\",\"@id\":\"https:\/\/www.printcraft.ee\/en\/#website\",\"url\":\"https:\/\/www.printcraft.ee\/en\/\",\"name\":\"3D Printimine\",\"description\":\"K\u00fcsi hinnapakkuimist\",\"publisher\":{\"@id\":\"https:\/\/www.printcraft.ee\/en\/#organization\"},\"potentialAction\":[{\"@type\":\"SearchAction\",\"target\":{\"@type\":\"EntryPoint\",\"urlTemplate\":\"https:\/\/www.printcraft.ee\/en\/?s={search_term_string}\"},\"query-input\":{\"@type\":\"PropertyValueSpecification\",\"valueRequired\":true,\"valueName\":\"search_term_string\"}}],\"inLanguage\":\"en-US\"},{\"@type\":\"Organization\",\"@id\":\"https:\/\/www.printcraft.ee\/en\/#organization\",\"name\":\"3D Printimine\",\"url\":\"https:\/\/www.printcraft.ee\/en\/\",\"logo\":{\"@type\":\"ImageObject\",\"inLanguage\":\"en-US\",\"@id\":\"https:\/\/www.printcraft.ee\/en\/#\/schema\/logo\/image\/\",\"url\":\"https:\/\/www.printcraft.ee\/wp-content\/uploads\/2023\/12\/cropped-3DPrintimine-160-x-40-px-500-x-125-px-1000-x-500-px-1500-x-500-px.png\",\"contentUrl\":\"https:\/\/www.printcraft.ee\/wp-content\/uploads\/2023\/12\/cropped-3DPrintimine-160-x-40-px-500-x-125-px-1000-x-500-px-1500-x-500-px.png\",\"width\":1500,\"height\":500,\"caption\":\"3D Printimine\"},\"image\":{\"@id\":\"https:\/\/www.printcraft.ee\/en\/#\/schema\/logo\/image\/\"}}]}<\/script>\n<!-- \/ Yoast SEO plugin. -->","yoast_head_json":{"title":"Inslogic High-Speed PLA Pro Filament - 3D Printimine","robots":{"index":"index","follow":"follow","max-snippet":"max-snippet:-1","max-image-preview":"max-image-preview:large","max-video-preview":"max-video-preview:-1"},"canonical":"https:\/\/www.printcraft.ee\/en\/product\/inslogic-high-speed-pla-pro-filament\/","og_locale":"en_US","og_type":"article","og_title":"Inslogic High-Speed PLA Pro Filament - 3D Printimine","og_description":"Inslogic High-Speed \u200b\u200bPLA Pro filament on universaalselt disainitud ja \u00fchildub FDM 3D-printeritega, mis kasutavad 1,75 mm l\u00e4bim\u00f5\u00f5duga filamenti t\u00e4psusega \u00b10,02 mm.  Inslogic High-Speed \u200b\u200bPLA Pro filament on High-Speed \u200b\u200bPLA t\u00e4iustatud versioon, mis on loodud parema j\u00f5udluse ja t\u00f6\u00f6kindluse tagamiseks. Paindetugevusega 75 MPa pakub see suuremat vastupidavust, l\u00f6\u00f6gikindlust ja vastupidavust, mille tulemuseks on tugevamad prinditud osad.  See filament, mis on loodud kiireks 3D-printimiseks kiirusel kuni 600 mm\/s, suurendab oluliselt protot\u00fc\u00fcpimise efektiivsust, ohverdamata kvaliteeti. Selle suurep\u00e4rased voolavusomadused v\u00e4hendavad ummistumise ohtu kiire printimise ajal, tagades sujuva ekstrusiooni, t\u00e4pse m\u00f5\u00f5tmete t\u00e4psuse ja j\u00e4rjepidevalt k\u00f5rge kvaliteediga tulemused.","og_url":"https:\/\/www.printcraft.ee\/en\/product\/inslogic-high-speed-pla-pro-filament\/","og_site_name":"3D Printimine","article_modified_time":"2026-02-08T20:18:55+00:00","og_image":[{"width":1300,"height":1300,"url":"https:\/\/www.printcraft.ee\/wp-content\/uploads\/2026\/02\/Inslogic_High-Speed_PLA_Pro_Professional_3D_Printing_Filament.jpg.webp","type":"image\/webp"}],"twitter_card":"summary_large_image","twitter_misc":{"Est. reading time":"1 minute"},"schema":{"@context":"https:\/\/schema.org","@graph":[{"@type":"WebPage","@id":"https:\/\/www.printcraft.ee\/product\/inslogic-high-speed-pla-pro-filament\/","url":"https:\/\/www.printcraft.ee\/product\/inslogic-high-speed-pla-pro-filament\/","name":"Inslogic High-Speed PLA Pro Filament - 3D Printimine","isPartOf":{"@id":"https:\/\/www.printcraft.ee\/en\/#website"},"primaryImageOfPage":{"@id":"https:\/\/www.printcraft.ee\/product\/inslogic-high-speed-pla-pro-filament\/#primaryimage"},"image":{"@id":"https:\/\/www.printcraft.ee\/product\/inslogic-high-speed-pla-pro-filament\/#primaryimage"},"thumbnailUrl":"https:\/\/www.printcraft.ee\/wp-content\/uploads\/2026\/02\/Inslogic_High-Speed_PLA_Pro_Professional_3D_Printing_Filament.jpg.webp","datePublished":"2026-02-08T20:12:01+00:00","dateModified":"2026-02-08T20:18:55+00:00","breadcrumb":{"@id":"https:\/\/www.printcraft.ee\/product\/inslogic-high-speed-pla-pro-filament\/#breadcrumb"},"inLanguage":"en-US","potentialAction":[{"@type":"ReadAction","target":["https:\/\/www.printcraft.ee\/product\/inslogic-high-speed-pla-pro-filament\/"]}]},{"@type":"ImageObject","inLanguage":"en-US","@id":"https:\/\/www.printcraft.ee\/product\/inslogic-high-speed-pla-pro-filament\/#primaryimage","url":"https:\/\/www.printcraft.ee\/wp-content\/uploads\/2026\/02\/Inslogic_High-Speed_PLA_Pro_Professional_3D_Printing_Filament.jpg.webp","contentUrl":"https:\/\/www.printcraft.ee\/wp-content\/uploads\/2026\/02\/Inslogic_High-Speed_PLA_Pro_Professional_3D_Printing_Filament.jpg.webp","width":1300,"height":1300},{"@type":"BreadcrumbList","@id":"https:\/\/www.printcraft.ee\/product\/inslogic-high-speed-pla-pro-filament\/#breadcrumb","itemListElement":[{"@type":"ListItem","position":1,"name":"Home","item":"https:\/\/www.printcraft.ee\/en\/"},{"@type":"ListItem","position":2,"name":"Pood","item":"https:\/\/www.printcraft.ee\/pood\/"},{"@type":"ListItem","position":3,"name":"Inslogic High-Speed PLA Pro Filament"}]},{"@type":"WebSite","@id":"https:\/\/www.printcraft.ee\/en\/#website","url":"https:\/\/www.printcraft.ee\/en\/","name":"3D Printing","description":"K\u00fcsi hinnapakkuimist","publisher":{"@id":"https:\/\/www.printcraft.ee\/en\/#organization"},"potentialAction":[{"@type":"SearchAction","target":{"@type":"EntryPoint","urlTemplate":"https:\/\/www.printcraft.ee\/en\/?s={search_term_string}"},"query-input":{"@type":"PropertyValueSpecification","valueRequired":true,"valueName":"search_term_string"}}],"inLanguage":"en-US"},{"@type":"Organization","@id":"https:\/\/www.printcraft.ee\/en\/#organization","name":"3D Printing","url":"https:\/\/www.printcraft.ee\/en\/","logo":{"@type":"ImageObject","inLanguage":"en-US","@id":"https:\/\/www.printcraft.ee\/en\/#\/schema\/logo\/image\/","url":"https:\/\/www.printcraft.ee\/wp-content\/uploads\/2023\/12\/cropped-3DPrintimine-160-x-40-px-500-x-125-px-1000-x-500-px-1500-x-500-px.png","contentUrl":"https:\/\/www.printcraft.ee\/wp-content\/uploads\/2023\/12\/cropped-3DPrintimine-160-x-40-px-500-x-125-px-1000-x-500-px-1500-x-500-px.png","width":1500,"height":500,"caption":"3D Printimine"},"image":{"@id":"https:\/\/www.printcraft.ee\/en\/#\/schema\/logo\/image\/"}}]}},"_links":{"self":[{"href":"https:\/\/www.printcraft.ee\/en\/wp-json\/wp\/v2\/product\/2400","targetHints":{"allow":["GET"]}}],"collection":[{"href":"https:\/\/www.printcraft.ee\/en\/wp-json\/wp\/v2\/product"}],"about":[{"href":"https:\/\/www.printcraft.ee\/en\/wp-json\/wp\/v2\/types\/product"}],"replies":[{"embeddable":true,"href":"https:\/\/www.printcraft.ee\/en\/wp-json\/wp\/v2\/comments?post=2400"}],"wp:featuredmedia":[{"embeddable":true,"href":"https:\/\/www.printcraft.ee\/en\/wp-json\/wp\/v2\/media\/2401"}],"wp:attachment":[{"href":"https:\/\/www.printcraft.ee\/en\/wp-json\/wp\/v2\/media?parent=2400"}],"wp:term":[{"taxonomy":"product_brand","embeddable":true,"href":"https:\/\/www.printcraft.ee\/en\/wp-json\/wp\/v2\/product_brand?post=2400"},{"taxonomy":"product_cat","embeddable":true,"href":"https:\/\/www.printcraft.ee\/en\/wp-json\/wp\/v2\/product_cat?post=2400"},{"taxonomy":"product_tag","embeddable":true,"href":"https:\/\/www.printcraft.ee\/en\/wp-json\/wp\/v2\/product_tag?post=2400"}],"curies":[{"name":"wp","href":"https:\/\/api.w.org\/{rel}","templated":true}]}}