{"id":2383,"date":"2026-02-08T20:03:35","date_gmt":"2026-02-08T20:03:35","guid":{"rendered":"https:\/\/www.printcraft.ee\/?post_type=product&#038;p=2383"},"modified":"2026-02-08T20:11:49","modified_gmt":"2026-02-08T20:11:49","slug":"inslogic-high-speed-pla-filament","status":"publish","type":"product","link":"https:\/\/www.printcraft.ee\/en\/product\/inslogic-high-speed-pla-filament\/","title":{"rendered":"Inslogic High-Speed PLA Filament"},"content":{"rendered":"<p>Peamised omadused<\/p>\n<p>Lihtne kasutada<br \/>\nBiolagunev ja keskkonnas\u00f5bralik<br \/>\n\u00dchildub \u00fclikiirete printimiskiirustega kuni 600 mm\/s<br \/>\nParem voolavus ja kihtidevaheline nakkuvus<br \/>\nSuurep\u00e4rane kvaliteet ja pinnaviimistlus isegi suurtel kiirustel<\/p>\n<p>Diameeter:<br \/>\n1.75 mm<\/p>\n<p>Pikkus: 315 m<br \/>\nNetokaal: 1 kg<br \/>\nKorduvkasutatava pooli ja papist m\u00e4hise kaal: 232 \u00b1 3 g<br \/>\nKogukaal: 1,233 \u00b1 0,03 kg<br \/>\nL\u00e4bim\u00f5\u00f5t: 1,75 mm \u00b1 0,02 mm<br \/>\nT\u00f5mbetugevus: 55,4 MPa<br \/>\nPikenemine katkemiseni: 15,2%<br \/>\nPaindetugevus: 77,2 MPa<br \/>\nPaindemoodul: 2390 MPa<br \/>\nShore&#8217;i k\u00f5vadus D: 81D<br \/>\nTihedus: 1,26 g\/cm\u00b3<br \/>\nSoojuspainde temperatuur 0,45 MPa juures: 58,2 \u2103<br \/>\n* K\u00f5ik spetsifikatsioonid on laboris testitud. Pange t\u00e4hele, et materjali omadused v\u00f5ivad erineda s\u00f5ltuvalt detaili geomeetriast, printimissuunast, printimisseadetest ja temperatuurist.<\/p>\n<p>Kasutus:<\/p>\n<p>Kiire protot\u00fc\u00fcpimine ja funktsionaalsete osade tootmine<br \/>\nKunst ja disain<br \/>\nArhitektuurimudelid<br \/>\nHaridus<br \/>\nIgap\u00e4evane kasutamine<\/p>","protected":false},"excerpt":{"rendered":"<p>Inslogic High-Speed \u200b\u200bPLA (pol\u00fcpiimhape) filament on universaalselt disainitud ja \u00fchildub FDM 3D-printeritega, mis kasutavad 1,75 mm l\u00e4bim\u00f5\u00f5duga filamenti t\u00e4psusega \u00b10,02 mm. Valmistatud biolagunevast materjalist, mis muudab selle keskkonnas\u00f5bralikuks. Ja see ei vaja kuumutatud printimisalust.<\/p>\n<p>Kogege kiiremat, lihtsamat ja t\u00f5husamat 3D-printimist Inslogic High-Speed \u200b\u200bPLA filamendiga. Saavutage kiire printimine ilma kvaliteeti v\u00f5i t\u00f6\u00f6kindlust ohverdamata. K\u00f5rge t\u00f5mbetugevusega 55,4 MPa s\u00e4ilitab see enamiku oma mehaanilistest omadustest, tagades iga prindi vastupidavuse ja tugevuse.<\/p>","protected":false},"featured_media":2384,"comment_status":"open","ping_status":"closed","template":"","meta":[],"product_brand":[],"product_cat":[16],"product_tag":[],"class_list":{"0":"post-2383","1":"product","2":"type-product","3":"status-publish","4":"has-post-thumbnail","6":"product_cat-uncategorized","9":"instock","10":"shipping-taxable","11":"purchasable","12":"product-type-simple","13":"product-grid-view"},"yoast_head":"<!-- This site is optimized with the Yoast SEO plugin v26.9 - https:\/\/yoast.com\/product\/yoast-seo-wordpress\/ -->\n<title>Inslogic High-Speed PLA Filament - 3D Printimine<\/title>\n<meta name=\"robots\" content=\"index, follow, max-snippet:-1, max-image-preview:large, max-video-preview:-1\" \/>\n<link rel=\"canonical\" href=\"https:\/\/www.printcraft.ee\/en\/product\/inslogic-high-speed-pla-filament\/\" \/>\n<meta property=\"og:locale\" content=\"en_US\" \/>\n<meta property=\"og:type\" content=\"article\" \/>\n<meta property=\"og:title\" content=\"Inslogic High-Speed PLA Filament - 3D Printimine\" \/>\n<meta property=\"og:description\" content=\"Inslogic High-Speed \u200b\u200bPLA (pol\u00fcpiimhape) filament on universaalselt disainitud ja \u00fchildub FDM 3D-printeritega, mis kasutavad 1,75 mm l\u00e4bim\u00f5\u00f5duga filamenti t\u00e4psusega \u00b10,02 mm. Valmistatud biolagunevast materjalist, mis muudab selle keskkonnas\u00f5bralikuks. Ja see ei vaja kuumutatud printimisalust.  Kogege kiiremat, lihtsamat ja t\u00f5husamat 3D-printimist Inslogic High-Speed \u200b\u200bPLA filamendiga. Saavutage kiire printimine ilma kvaliteeti v\u00f5i t\u00f6\u00f6kindlust ohverdamata. K\u00f5rge t\u00f5mbetugevusega 55,4 MPa s\u00e4ilitab see enamiku oma mehaanilistest omadustest, tagades iga prindi vastupidavuse ja tugevuse.\" \/>\n<meta property=\"og:url\" content=\"https:\/\/www.printcraft.ee\/en\/product\/inslogic-high-speed-pla-filament\/\" \/>\n<meta property=\"og:site_name\" content=\"3D Printimine\" \/>\n<meta property=\"article:modified_time\" content=\"2026-02-08T20:11:49+00:00\" \/>\n<meta property=\"og:image\" content=\"https:\/\/www.printcraft.ee\/wp-content\/uploads\/2026\/02\/Inslogic_High-Speed_PLA_Professional_3D_Printing_Filament.jpg.webp\" \/>\n\t<meta property=\"og:image:width\" content=\"1000\" \/>\n\t<meta property=\"og:image:height\" content=\"1000\" \/>\n\t<meta property=\"og:image:type\" content=\"image\/webp\" \/>\n<meta name=\"twitter:card\" content=\"summary_large_image\" \/>\n<meta name=\"twitter:label1\" content=\"Est. reading time\" \/>\n\t<meta name=\"twitter:data1\" content=\"1 minute\" \/>\n<script type=\"application\/ld+json\" class=\"yoast-schema-graph\">{\"@context\":\"https:\/\/schema.org\",\"@graph\":[{\"@type\":\"WebPage\",\"@id\":\"https:\/\/www.printcraft.ee\/product\/inslogic-high-speed-pla-filament\/\",\"url\":\"https:\/\/www.printcraft.ee\/product\/inslogic-high-speed-pla-filament\/\",\"name\":\"Inslogic High-Speed PLA Filament - 3D Printimine\",\"isPartOf\":{\"@id\":\"https:\/\/www.printcraft.ee\/en\/#website\"},\"primaryImageOfPage\":{\"@id\":\"https:\/\/www.printcraft.ee\/product\/inslogic-high-speed-pla-filament\/#primaryimage\"},\"image\":{\"@id\":\"https:\/\/www.printcraft.ee\/product\/inslogic-high-speed-pla-filament\/#primaryimage\"},\"thumbnailUrl\":\"https:\/\/www.printcraft.ee\/wp-content\/uploads\/2026\/02\/Inslogic_High-Speed_PLA_Professional_3D_Printing_Filament.jpg.webp\",\"datePublished\":\"2026-02-08T20:03:35+00:00\",\"dateModified\":\"2026-02-08T20:11:49+00:00\",\"breadcrumb\":{\"@id\":\"https:\/\/www.printcraft.ee\/product\/inslogic-high-speed-pla-filament\/#breadcrumb\"},\"inLanguage\":\"en-US\",\"potentialAction\":[{\"@type\":\"ReadAction\",\"target\":[\"https:\/\/www.printcraft.ee\/product\/inslogic-high-speed-pla-filament\/\"]}]},{\"@type\":\"ImageObject\",\"inLanguage\":\"en-US\",\"@id\":\"https:\/\/www.printcraft.ee\/product\/inslogic-high-speed-pla-filament\/#primaryimage\",\"url\":\"https:\/\/www.printcraft.ee\/wp-content\/uploads\/2026\/02\/Inslogic_High-Speed_PLA_Professional_3D_Printing_Filament.jpg.webp\",\"contentUrl\":\"https:\/\/www.printcraft.ee\/wp-content\/uploads\/2026\/02\/Inslogic_High-Speed_PLA_Professional_3D_Printing_Filament.jpg.webp\",\"width\":1000,\"height\":1000},{\"@type\":\"BreadcrumbList\",\"@id\":\"https:\/\/www.printcraft.ee\/product\/inslogic-high-speed-pla-filament\/#breadcrumb\",\"itemListElement\":[{\"@type\":\"ListItem\",\"position\":1,\"name\":\"Home\",\"item\":\"https:\/\/www.printcraft.ee\/en\/\"},{\"@type\":\"ListItem\",\"position\":2,\"name\":\"Pood\",\"item\":\"https:\/\/www.printcraft.ee\/pood\/\"},{\"@type\":\"ListItem\",\"position\":3,\"name\":\"Inslogic High-Speed PLA Filament\"}]},{\"@type\":\"WebSite\",\"@id\":\"https:\/\/www.printcraft.ee\/en\/#website\",\"url\":\"https:\/\/www.printcraft.ee\/en\/\",\"name\":\"3D Printimine\",\"description\":\"K\u00fcsi hinnapakkuimist\",\"publisher\":{\"@id\":\"https:\/\/www.printcraft.ee\/en\/#organization\"},\"potentialAction\":[{\"@type\":\"SearchAction\",\"target\":{\"@type\":\"EntryPoint\",\"urlTemplate\":\"https:\/\/www.printcraft.ee\/en\/?s={search_term_string}\"},\"query-input\":{\"@type\":\"PropertyValueSpecification\",\"valueRequired\":true,\"valueName\":\"search_term_string\"}}],\"inLanguage\":\"en-US\"},{\"@type\":\"Organization\",\"@id\":\"https:\/\/www.printcraft.ee\/en\/#organization\",\"name\":\"3D Printimine\",\"url\":\"https:\/\/www.printcraft.ee\/en\/\",\"logo\":{\"@type\":\"ImageObject\",\"inLanguage\":\"en-US\",\"@id\":\"https:\/\/www.printcraft.ee\/en\/#\/schema\/logo\/image\/\",\"url\":\"https:\/\/www.printcraft.ee\/wp-content\/uploads\/2023\/12\/cropped-3DPrintimine-160-x-40-px-500-x-125-px-1000-x-500-px-1500-x-500-px.png\",\"contentUrl\":\"https:\/\/www.printcraft.ee\/wp-content\/uploads\/2023\/12\/cropped-3DPrintimine-160-x-40-px-500-x-125-px-1000-x-500-px-1500-x-500-px.png\",\"width\":1500,\"height\":500,\"caption\":\"3D Printimine\"},\"image\":{\"@id\":\"https:\/\/www.printcraft.ee\/en\/#\/schema\/logo\/image\/\"}}]}<\/script>\n<!-- \/ Yoast SEO plugin. -->","yoast_head_json":{"title":"Inslogic High-Speed PLA Filament - 3D Printimine","robots":{"index":"index","follow":"follow","max-snippet":"max-snippet:-1","max-image-preview":"max-image-preview:large","max-video-preview":"max-video-preview:-1"},"canonical":"https:\/\/www.printcraft.ee\/en\/product\/inslogic-high-speed-pla-filament\/","og_locale":"en_US","og_type":"article","og_title":"Inslogic High-Speed PLA Filament - 3D Printimine","og_description":"Inslogic High-Speed \u200b\u200bPLA (pol\u00fcpiimhape) filament on universaalselt disainitud ja \u00fchildub FDM 3D-printeritega, mis kasutavad 1,75 mm l\u00e4bim\u00f5\u00f5duga filamenti t\u00e4psusega \u00b10,02 mm. Valmistatud biolagunevast materjalist, mis muudab selle keskkonnas\u00f5bralikuks. Ja see ei vaja kuumutatud printimisalust.  Kogege kiiremat, lihtsamat ja t\u00f5husamat 3D-printimist Inslogic High-Speed \u200b\u200bPLA filamendiga. Saavutage kiire printimine ilma kvaliteeti v\u00f5i t\u00f6\u00f6kindlust ohverdamata. K\u00f5rge t\u00f5mbetugevusega 55,4 MPa s\u00e4ilitab see enamiku oma mehaanilistest omadustest, tagades iga prindi vastupidavuse ja tugevuse.","og_url":"https:\/\/www.printcraft.ee\/en\/product\/inslogic-high-speed-pla-filament\/","og_site_name":"3D Printimine","article_modified_time":"2026-02-08T20:11:49+00:00","og_image":[{"width":1000,"height":1000,"url":"https:\/\/www.printcraft.ee\/wp-content\/uploads\/2026\/02\/Inslogic_High-Speed_PLA_Professional_3D_Printing_Filament.jpg.webp","type":"image\/webp"}],"twitter_card":"summary_large_image","twitter_misc":{"Est. reading time":"1 minute"},"schema":{"@context":"https:\/\/schema.org","@graph":[{"@type":"WebPage","@id":"https:\/\/www.printcraft.ee\/product\/inslogic-high-speed-pla-filament\/","url":"https:\/\/www.printcraft.ee\/product\/inslogic-high-speed-pla-filament\/","name":"Inslogic High-Speed PLA Filament - 3D Printimine","isPartOf":{"@id":"https:\/\/www.printcraft.ee\/en\/#website"},"primaryImageOfPage":{"@id":"https:\/\/www.printcraft.ee\/product\/inslogic-high-speed-pla-filament\/#primaryimage"},"image":{"@id":"https:\/\/www.printcraft.ee\/product\/inslogic-high-speed-pla-filament\/#primaryimage"},"thumbnailUrl":"https:\/\/www.printcraft.ee\/wp-content\/uploads\/2026\/02\/Inslogic_High-Speed_PLA_Professional_3D_Printing_Filament.jpg.webp","datePublished":"2026-02-08T20:03:35+00:00","dateModified":"2026-02-08T20:11:49+00:00","breadcrumb":{"@id":"https:\/\/www.printcraft.ee\/product\/inslogic-high-speed-pla-filament\/#breadcrumb"},"inLanguage":"en-US","potentialAction":[{"@type":"ReadAction","target":["https:\/\/www.printcraft.ee\/product\/inslogic-high-speed-pla-filament\/"]}]},{"@type":"ImageObject","inLanguage":"en-US","@id":"https:\/\/www.printcraft.ee\/product\/inslogic-high-speed-pla-filament\/#primaryimage","url":"https:\/\/www.printcraft.ee\/wp-content\/uploads\/2026\/02\/Inslogic_High-Speed_PLA_Professional_3D_Printing_Filament.jpg.webp","contentUrl":"https:\/\/www.printcraft.ee\/wp-content\/uploads\/2026\/02\/Inslogic_High-Speed_PLA_Professional_3D_Printing_Filament.jpg.webp","width":1000,"height":1000},{"@type":"BreadcrumbList","@id":"https:\/\/www.printcraft.ee\/product\/inslogic-high-speed-pla-filament\/#breadcrumb","itemListElement":[{"@type":"ListItem","position":1,"name":"Home","item":"https:\/\/www.printcraft.ee\/en\/"},{"@type":"ListItem","position":2,"name":"Pood","item":"https:\/\/www.printcraft.ee\/pood\/"},{"@type":"ListItem","position":3,"name":"Inslogic High-Speed PLA Filament"}]},{"@type":"WebSite","@id":"https:\/\/www.printcraft.ee\/en\/#website","url":"https:\/\/www.printcraft.ee\/en\/","name":"3D Printing","description":"K\u00fcsi hinnapakkuimist","publisher":{"@id":"https:\/\/www.printcraft.ee\/en\/#organization"},"potentialAction":[{"@type":"SearchAction","target":{"@type":"EntryPoint","urlTemplate":"https:\/\/www.printcraft.ee\/en\/?s={search_term_string}"},"query-input":{"@type":"PropertyValueSpecification","valueRequired":true,"valueName":"search_term_string"}}],"inLanguage":"en-US"},{"@type":"Organization","@id":"https:\/\/www.printcraft.ee\/en\/#organization","name":"3D Printing","url":"https:\/\/www.printcraft.ee\/en\/","logo":{"@type":"ImageObject","inLanguage":"en-US","@id":"https:\/\/www.printcraft.ee\/en\/#\/schema\/logo\/image\/","url":"https:\/\/www.printcraft.ee\/wp-content\/uploads\/2023\/12\/cropped-3DPrintimine-160-x-40-px-500-x-125-px-1000-x-500-px-1500-x-500-px.png","contentUrl":"https:\/\/www.printcraft.ee\/wp-content\/uploads\/2023\/12\/cropped-3DPrintimine-160-x-40-px-500-x-125-px-1000-x-500-px-1500-x-500-px.png","width":1500,"height":500,"caption":"3D Printimine"},"image":{"@id":"https:\/\/www.printcraft.ee\/en\/#\/schema\/logo\/image\/"}}]}},"_links":{"self":[{"href":"https:\/\/www.printcraft.ee\/en\/wp-json\/wp\/v2\/product\/2383","targetHints":{"allow":["GET"]}}],"collection":[{"href":"https:\/\/www.printcraft.ee\/en\/wp-json\/wp\/v2\/product"}],"about":[{"href":"https:\/\/www.printcraft.ee\/en\/wp-json\/wp\/v2\/types\/product"}],"replies":[{"embeddable":true,"href":"https:\/\/www.printcraft.ee\/en\/wp-json\/wp\/v2\/comments?post=2383"}],"wp:featuredmedia":[{"embeddable":true,"href":"https:\/\/www.printcraft.ee\/en\/wp-json\/wp\/v2\/media\/2384"}],"wp:attachment":[{"href":"https:\/\/www.printcraft.ee\/en\/wp-json\/wp\/v2\/media?parent=2383"}],"wp:term":[{"taxonomy":"product_brand","embeddable":true,"href":"https:\/\/www.printcraft.ee\/en\/wp-json\/wp\/v2\/product_brand?post=2383"},{"taxonomy":"product_cat","embeddable":true,"href":"https:\/\/www.printcraft.ee\/en\/wp-json\/wp\/v2\/product_cat?post=2383"},{"taxonomy":"product_tag","embeddable":true,"href":"https:\/\/www.printcraft.ee\/en\/wp-json\/wp\/v2\/product_tag?post=2383"}],"curies":[{"name":"wp","href":"https:\/\/api.w.org\/{rel}","templated":true}]}}